{"id":773,"date":"2018-09-18T09:04:04","date_gmt":"2018-09-18T09:04:04","guid":{"rendered":"http:\/\/loomecreative.ee\/testimonials\/"},"modified":"2026-01-28T10:36:42","modified_gmt":"2026-01-28T10:36:42","slug":"tagasiside","status":"publish","type":"page","link":"https:\/\/www.loomecreative.ee\/en\/tagasiside\/","title":{"rendered":"Feedback"},"content":{"rendered":"\t\t<div data-elementor-type=\"wp-post\" data-elementor-id=\"773\" class=\"elementor elementor-773\">\n\t\t\t\t\t\t<section class=\"elementor-section elementor-top-section elementor-element elementor-element-10841a54 elementor-section-content-middle elementor-section-boxed elementor-section-height-default elementor-section-height-default elementor-invisible\" data-id=\"10841a54\" data-element_type=\"section\" data-e-type=\"section\" data-settings=\"{&quot;background_background&quot;:&quot;classic&quot;,&quot;animation&quot;:&quot;pulse&quot;,&quot;animation_delay&quot;:4}\">\n\t\t\t\t\t\t\t<div class=\"elementor-background-overlay\"><\/div>\n\t\t\t\t\t\t\t<div class=\"elementor-container elementor-column-gap-no\">\n\t\t\t\t\t<div class=\"elementor-column elementor-col-100 elementor-top-column elementor-element elementor-element-432e85a1\" data-id=\"432e85a1\" data-element_type=\"column\" data-e-type=\"column\">\n\t\t\t<div class=\"elementor-widget-wrap elementor-element-populated\">\n\t\t\t\t\t\t<div class=\"elementor-element elementor-element-2f22e33c elementor-widget elementor-widget-heading\" data-id=\"2f22e33c\" data-element_type=\"widget\" data-e-type=\"widget\" data-widget_type=\"heading.default\">\n\t\t\t\t<div class=\"elementor-widget-container\">\n\t\t\t\t\t<h1 class=\"elementor-heading-title elementor-size-default\">Tagasiside<\/h1>\t\t\t\t<\/div>\n\t\t\t\t<\/div>\n\t\t\t\t\t<\/div>\n\t\t<\/div>\n\t\t\t\t\t<\/div>\n\t\t<\/section>\n\t\t\t\t<section class=\"elementor-section elementor-top-section elementor-element elementor-element-110e9b29 elementor-section-boxed elementor-section-height-default elementor-section-height-default\" data-id=\"110e9b29\" data-element_type=\"section\" data-e-type=\"section\">\n\t\t\t\t\t\t<div class=\"elementor-container elementor-column-gap-no\">\n\t\t\t\t\t<div class=\"elementor-column elementor-col-100 elementor-top-column elementor-element elementor-element-591ba872\" data-id=\"591ba872\" data-element_type=\"column\" data-e-type=\"column\">\n\t\t\t<div class=\"elementor-widget-wrap elementor-element-populated\">\n\t\t\t\t\t\t<div class=\"elementor-element elementor-element-1ebf8c7 elementor-widget elementor-widget-text-editor\" data-id=\"1ebf8c7\" data-element_type=\"widget\" data-e-type=\"widget\" data-widget_type=\"text-editor.default\">\n\t\t\t\t<div class=\"elementor-widget-container\">\n\t\t\t\t\t\t\t\t\t<p>Minu jaoks on k\u00f5ige olulisem kliendiga projekti puhul just koost\u00f6\u00f6. Klient annab sisendi, millest l\u00e4htuvalt esitan omapoolse n\u00e4gemuse ja visiooni disaini osas. Projekti k\u00e4igus p\u00f5rgatame ideid edasi-tagasi ning selle tulemusena valmib kujundus, mis t\u00e4idab nii kliendi soove kui ka ettev\u00f5tte eesm\u00e4rke.<\/p><p>Olen siia lehele kokku kogunud tagasiside, mille kliendid mulle kirjutanud on. Head lugemist!<\/p><p>\u00a0<\/p>\t\t\t\t\t\t\t\t<\/div>\n\t\t\t\t<\/div>\n\t\t\t\t<div class=\"elementor-element elementor-element-4ad4ce3 elementor-widget-mobile__width-inherit elementor-widget__width-inherit elementor-widget-tablet__width-inherit elementor-widget elementor-widget-testimonials-carousel-logo\" data-id=\"4ad4ce3\" data-element_type=\"widget\" data-e-type=\"widget\" data-settings=\"{&quot;slide&quot;:[{&quot;slide_content&quot;:&quot;&lt;p&gt;&lt;span style=\\&quot;font-size: 12pt;\\&quot;&gt;&lt;strong&gt;Liis Remmelg&lt;\\\/strong&gt;&lt;\\\/span&gt;&lt;\\\/p&gt;&lt;p&gt;&lt;span style=\\&quot;font-size: 12pt;\\&quot;&gt;Olen v\\u00e4ga t\\u00e4nulik, et just Sinuga meie teed rebr\\u00e4ndingu projekti osas ristusid. Saime m\\u00f5nusas tempos lahendusteni j\\u00f5utud ja see aitab meie \\u00fchtse n\\u00e4o tutvustamisele ning t\\u00f5husamatele materjalide loomisele k\\u00f5vasti kaasa. Ka meeldis mulle, et oskaksid meie tagasisidest olulise v\\u00e4lja noppida ja selle \\u00fcmber lahendusi pakkuda. Loodevasti v\\u00f5tad meid ka tulevikus nn jutule!&lt;\\\/span&gt;&lt;\\\/p&gt;&quot;,&quot;slide_image&quot;:{&quot;url&quot;:&quot;http:\\\/\\\/www.loomecreative.ee\\\/wp-content\\\/uploads\\\/2025\\\/06\\\/TH.png&quot;,&quot;id&quot;:3241,&quot;size&quot;:&quot;&quot;,&quot;alt&quot;:&quot;&quot;,&quot;source&quot;:&quot;library&quot;},&quot;slide_logo&quot;:null,&quot;slide_name&quot;:&quot;Team Hiiumaa&quot;,&quot;slide_subtitle&quot;:&quot;Manager&quot;,&quot;slide_read_more&quot;:&quot;Loe rohkem...&quot;,&quot;_id&quot;:&quot;e686527&quot;,&quot;slide_show_logo&quot;:&quot;&quot;,&quot;slide_show_image&quot;:&quot;yes&quot;},{&quot;_id&quot;:&quot;311307e&quot;,&quot;slide_image&quot;:{&quot;url&quot;:&quot;http:\\\/\\\/www.loomecreative.ee\\\/wp-content\\\/uploads\\\/2025\\\/06\\\/yes.png&quot;,&quot;id&quot;:3243,&quot;size&quot;:&quot;&quot;,&quot;alt&quot;:&quot;&quot;,&quot;source&quot;:&quot;library&quot;},&quot;slide_name&quot;:&quot;Yester&quot;,&quot;slide_logo&quot;:{&quot;url&quot;:&quot;&quot;,&quot;id&quot;:&quot;&quot;,&quot;size&quot;:&quot;&quot;,&quot;alt&quot;:&quot;&quot;,&quot;source&quot;:&quot;library&quot;},&quot;slide_content&quot;:&quot;&lt;p&gt;&lt;span style=\\&quot;font-size: 12pt;\\&quot;&gt;&lt;strong&gt;Jaanus Nestra&lt;\\\/strong&gt;&lt;\\\/span&gt;&lt;\\\/p&gt;&lt;p&gt;&lt;span style=\\&quot;font-size: 12pt;\\&quot;&gt;Koost\\u00f6\\u00f6 on olnud v\\u00e4ga meeldiv, professionaalne ja efektiivne. &lt;\\\/span&gt;&lt;span style=\\&quot;font-size: 12pt;\\&quot;&gt;Loodud disainid on ilusad, arvestavad\\u00a0meie soove ja vajadusi.&lt;\\\/span&gt;&lt;\\\/p&gt;&quot;,&quot;slide_read_more&quot;:&quot;&quot;,&quot;slide_show_image&quot;:&quot;yes&quot;,&quot;slide_show_logo&quot;:&quot;yes&quot;},{&quot;_id&quot;:&quot;cb20da6&quot;,&quot;slide_image&quot;:{&quot;url&quot;:&quot;http:\\\/\\\/www.loomecreative.ee\\\/wp-content\\\/uploads\\\/2025\\\/06\\\/gn2.png&quot;,&quot;id&quot;:3247,&quot;size&quot;:&quot;&quot;,&quot;alt&quot;:&quot;&quot;,&quot;source&quot;:&quot;library&quot;},&quot;slide_name&quot;:&quot;Green Nature&quot;,&quot;slide_content&quot;:&quot;&lt;p&gt;&lt;span style=\\&quot;font-size: 12pt;\\&quot;&gt;&lt;strong&gt;Veiko Saluri&lt;\\\/strong&gt;&lt;\\\/span&gt;&lt;\\\/p&gt;&lt;p&gt;&lt;span style=\\&quot;font-size: 12pt;\\&quot;&gt;Koost\\u00f6\\u00f6 oli algusest peale v\\u00e4ga professionaalne ja h\\u00e4sti sujuv. Esitasime l\\u00e4hte\\u00fclesandeks luua ettev\\u00f5ttele uus kuvand, mis oleks t\\u00e4nap\\u00e4evane ja silmatorkav. Meie soovid kaardistati ning loodi uus identiteet. Rebr\\u00e4ndimine \\u00f5nnestus v\\u00e4ga h\\u00e4sti. P\\u00e4rast esimest etappi saime kokkuleppe ka pakendite kujunduse osas. Etiketid \\u00fcletasid meie ootuseid ja sobivad br\\u00e4ndinguga h\\u00e4sti. Kindlasti soovitan!&lt;\\\/span&gt;&lt;\\\/p&gt;&quot;,&quot;slide_read_more&quot;:&quot;Loe rohkem...&quot;,&quot;slide_show_image&quot;:&quot;yes&quot;,&quot;slide_show_logo&quot;:&quot;yes&quot;,&quot;slide_logo&quot;:{&quot;url&quot;:&quot;https:\\\/\\\/www.loomecreative.ee\\\/wp-content\\\/plugins\\\/elementor\\\/assets\\\/images\\\/placeholder.png&quot;,&quot;id&quot;:&quot;&quot;,&quot;size&quot;:&quot;&quot;}},{&quot;_id&quot;:&quot;55ddf59&quot;,&quot;slide_image&quot;:{&quot;url&quot;:&quot;http:\\\/\\\/www.loomecreative.ee\\\/wp-content\\\/uploads\\\/2025\\\/06\\\/ug.png&quot;,&quot;id&quot;:3242,&quot;size&quot;:&quot;&quot;,&quot;alt&quot;:&quot;&quot;,&quot;source&quot;:&quot;library&quot;},&quot;slide_name&quot;:&quot;Underground&quot;,&quot;slide_content&quot;:&quot;&lt;p&gt;&lt;span style=\\&quot;font-size: 12pt;\\&quot;&gt;&lt;strong&gt;Gerli Kuus&lt;\\\/strong&gt;&lt;\\\/span&gt;&lt;\\\/p&gt;&lt;p&gt;&lt;span style=\\&quot;font-size: 12pt;\\&quot;&gt;Katrina suhtub oma t\\u00f6\\u00f6sse t\\u00f5siselt ja annab endast maksimumi, et luua l\\u00f5pptulemus, mis on tema kliendi n\\u00e4gemusele ja soovidele vastav. Lisaks oksab ta oma visioonist l\\u00e4htuvalt teha ettepanekuid disaini osas. Ilus tulemus on garanteeritud!&lt;\\\/span&gt;&lt;\\\/p&gt;&quot;,&quot;slide_read_more&quot;:&quot;Loe rohkem...&quot;,&quot;slide_show_image&quot;:&quot;yes&quot;,&quot;slide_show_logo&quot;:&quot;yes&quot;,&quot;slide_logo&quot;:{&quot;url&quot;:&quot;https:\\\/\\\/www.loomecreative.ee\\\/wp-content\\\/plugins\\\/elementor\\\/assets\\\/images\\\/placeholder.png&quot;,&quot;id&quot;:&quot;&quot;,&quot;size&quot;:&quot;&quot;}},{&quot;_id&quot;:&quot;88961db&quot;,&quot;slide_image&quot;:{&quot;url&quot;:&quot;http:\\\/\\\/www.loomecreative.ee\\\/wp-content\\\/uploads\\\/2026\\\/01\\\/ss.png&quot;,&quot;id&quot;:3607,&quot;size&quot;:&quot;&quot;,&quot;alt&quot;:&quot;&quot;,&quot;source&quot;:&quot;library&quot;},&quot;slide_name&quot;:&quot;Skin Safe&quot;,&quot;slide_logo&quot;:{&quot;url&quot;:&quot;&quot;,&quot;id&quot;:&quot;&quot;,&quot;size&quot;:&quot;&quot;,&quot;alt&quot;:&quot;&quot;,&quot;source&quot;:&quot;library&quot;},&quot;slide_content&quot;:&quot;&lt;div&gt;&lt;span style=\\&quot;font-size: 12pt;\\&quot;&gt;&lt;strong&gt;Triin Truu&lt;\\\/strong&gt;&lt;\\\/span&gt;&lt;\\\/div&gt;&lt;div&gt;\\u00a0&lt;\\\/div&gt;&lt;div&gt;&lt;span style=\\&quot;font-size: 12pt;\\&quot;&gt;Valisin Katrina ja Loome Creative&#039;i, sest mind k\\u00f5netas tema varasemate projektide stiil ning \\u00fchtlasi on Katrina v\\u00e4ga meeldiv ja abivalmis inimene.\\u00a0&lt;\\\/span&gt;&lt;span style=\\&quot;font-size: 12pt;\\&quot;&gt;Kogu protsess br\\u00e4ndi visuaalse identiteedi loomiseks l\\u00e4ks oluliselt stressivabamalt ja kiiremini kui olin oodanud.\\u00a0&lt;\\\/span&gt;&lt;\\\/div&gt;&quot;,&quot;slide_read_more&quot;:&quot;Loe rohkem...&quot;,&quot;slide_show_image&quot;:&quot;yes&quot;,&quot;slide_show_logo&quot;:&quot;yes&quot;}],&quot;navigation&quot;:&quot;none&quot;,&quot;slider_global_show_images&quot;:&quot;yes&quot;,&quot;slider_random&quot;:&quot;no&quot;,&quot;slider_loop&quot;:&quot;yes&quot;,&quot;show_line_text&quot;:7,&quot;autoplay&quot;:&quot;yes&quot;,&quot;autoplay_speed&quot;:5000,&quot;disable_interaction&quot;:&quot;yes&quot;}\" data-widget_type=\"testimonials-carousel-logo.default\">\n\t\t\t\t<div class=\"elementor-widget-container\">\n\t\t\t\t\t\n      <section class=\"swiper mySwiper myTestimonials mySwiperLogo slider-arrows-disabled\">\n        <ul class=\"swiper-wrapper\" role=\"list\">\n                      <li class=\"swiper-slide slider-container-background slider-logo-container-background slider-logo-container\">\n              <div class=\"slide-logo-block\">\n                <div class=\"slide-logo-main-block\">\n                                      <div class=\"slide-logo-image\">\n                      <img decoding=\"async\" src=\"http:\/\/www.loomecreative.ee\/wp-content\/uploads\/2025\/06\/TH.png\"\n                           alt=\"Slide Image\">\n                    <\/div>\n                                    <div class=\"slide-logo-basic-info\">\n                    <span class=\"slide-logo-title\">Team Hiiumaa<\/span>\n                  <\/div>\n                <\/div>\n\n                              <\/div>\n              <div class=\"slide-content\">\n                <div class=\"slide-description\"\n                     style=\"line-height: 22px;-webkit-line-clamp: 7\"><p><span style=\"font-size: 12pt\"><strong>Liis Remmelg<\/strong><\/span><\/p><p><span style=\"font-size: 12pt\">Olen v\u00e4ga t\u00e4nulik, et just Sinuga meie teed rebr\u00e4ndingu projekti osas ristusid. Saime m\u00f5nusas tempos lahendusteni j\u00f5utud ja see aitab meie \u00fchtse n\u00e4o tutvustamisele ning t\u00f5husamatele materjalide loomisele k\u00f5vasti kaasa. Ka meeldis mulle, et oskaksid meie tagasisidest olulise v\u00e4lja noppida ja selle \u00fcmber lahendusi pakkuda. Loodevasti v\u00f5tad meid ka tulevikus nn jutule!<\/span><\/p><\/div>\n                <div class=\"slide-read-more\">Loe rohkem...<\/div>\n              <\/div>\n            <\/li>\n                      <li class=\"swiper-slide slider-container-background slider-logo-container-background slider-logo-container\">\n              <div class=\"slide-logo-block\">\n                <div class=\"slide-logo-main-block\">\n                                      <div class=\"slide-logo-image\">\n                      <img decoding=\"async\" src=\"http:\/\/www.loomecreative.ee\/wp-content\/uploads\/2025\/06\/yes.png\"\n                           alt=\"Slide Image\">\n                    <\/div>\n                                    <div class=\"slide-logo-basic-info\">\n                    <span class=\"slide-logo-title\">Yester<\/span>\n                  <\/div>\n                <\/div>\n\n                              <\/div>\n              <div class=\"slide-content\">\n                <div class=\"slide-description\"\n                     style=\"line-height: 22px;-webkit-line-clamp: 7\"><p><span style=\"font-size: 12pt\"><strong>Jaanus Nestra<\/strong><\/span><\/p><p><span style=\"font-size: 12pt\">Koost\u00f6\u00f6 on olnud v\u00e4ga meeldiv, professionaalne ja efektiivne. <\/span><span style=\"font-size: 12pt\">Loodud disainid on ilusad, arvestavad\u00a0meie soove ja vajadusi.<\/span><\/p><\/div>\n                <div class=\"slide-read-more\"><\/div>\n              <\/div>\n            <\/li>\n                      <li class=\"swiper-slide slider-container-background slider-logo-container-background slider-logo-container\">\n              <div class=\"slide-logo-block\">\n                <div class=\"slide-logo-main-block\">\n                                      <div class=\"slide-logo-image\">\n                      <img decoding=\"async\" src=\"http:\/\/www.loomecreative.ee\/wp-content\/uploads\/2025\/06\/gn2.png\"\n                           alt=\"Slide Image\">\n                    <\/div>\n                                    <div class=\"slide-logo-basic-info\">\n                    <span class=\"slide-logo-title\">Green Nature<\/span>\n                  <\/div>\n                <\/div>\n\n                              <\/div>\n              <div class=\"slide-content\">\n                <div class=\"slide-description\"\n                     style=\"line-height: 22px;-webkit-line-clamp: 7\"><p><span style=\"font-size: 12pt\"><strong>Veiko Saluri<\/strong><\/span><\/p><p><span style=\"font-size: 12pt\">Koost\u00f6\u00f6 oli algusest peale v\u00e4ga professionaalne ja h\u00e4sti sujuv. Esitasime l\u00e4hte\u00fclesandeks luua ettev\u00f5ttele uus kuvand, mis oleks t\u00e4nap\u00e4evane ja silmatorkav. Meie soovid kaardistati ning loodi uus identiteet. Rebr\u00e4ndimine \u00f5nnestus v\u00e4ga h\u00e4sti. P\u00e4rast esimest etappi saime kokkuleppe ka pakendite kujunduse osas. Etiketid \u00fcletasid meie ootuseid ja sobivad br\u00e4ndinguga h\u00e4sti. Kindlasti soovitan!<\/span><\/p><\/div>\n                <div class=\"slide-read-more\">Loe rohkem...<\/div>\n              <\/div>\n            <\/li>\n                      <li class=\"swiper-slide slider-container-background slider-logo-container-background slider-logo-container\">\n              <div class=\"slide-logo-block\">\n                <div class=\"slide-logo-main-block\">\n                                      <div class=\"slide-logo-image\">\n                      <img decoding=\"async\" src=\"http:\/\/www.loomecreative.ee\/wp-content\/uploads\/2025\/06\/ug.png\"\n                           alt=\"Slide Image\">\n                    <\/div>\n                                    <div class=\"slide-logo-basic-info\">\n                    <span class=\"slide-logo-title\">Underground<\/span>\n                  <\/div>\n                <\/div>\n\n                              <\/div>\n              <div class=\"slide-content\">\n                <div class=\"slide-description\"\n                     style=\"line-height: 22px;-webkit-line-clamp: 7\"><p><span style=\"font-size: 12pt\"><strong>Gerli Kuus<\/strong><\/span><\/p><p><span style=\"font-size: 12pt\">Katrina suhtub oma t\u00f6\u00f6sse t\u00f5siselt ja annab endast maksimumi, et luua l\u00f5pptulemus, mis on tema kliendi n\u00e4gemusele ja soovidele vastav. Lisaks oksab ta oma visioonist l\u00e4htuvalt teha ettepanekuid disaini osas. Ilus tulemus on garanteeritud!<\/span><\/p><\/div>\n                <div class=\"slide-read-more\">Loe rohkem...<\/div>\n              <\/div>\n            <\/li>\n                      <li class=\"swiper-slide slider-container-background slider-logo-container-background slider-logo-container\">\n              <div class=\"slide-logo-block\">\n                <div class=\"slide-logo-main-block\">\n                                      <div class=\"slide-logo-image\">\n                      <img decoding=\"async\" src=\"http:\/\/www.loomecreative.ee\/wp-content\/uploads\/2026\/01\/ss.png\"\n                           alt=\"Slide Image\">\n                    <\/div>\n                                    <div class=\"slide-logo-basic-info\">\n                    <span class=\"slide-logo-title\">Skin Safe<\/span>\n                  <\/div>\n                <\/div>\n\n                              <\/div>\n              <div class=\"slide-content\">\n                <div class=\"slide-description\"\n                     style=\"line-height: 22px;-webkit-line-clamp: 7\"><div><span style=\"font-size: 12pt\"><strong>Triin Truu<\/strong><\/span><\/div><div>\u00a0<\/div><div><span style=\"font-size: 12pt\">Valisin Katrina ja Loome Creative'i, sest mind k\u00f5netas tema varasemate projektide stiil ning \u00fchtlasi on Katrina v\u00e4ga meeldiv ja abivalmis inimene.\u00a0<\/span><span style=\"font-size: 12pt\">Kogu protsess br\u00e4ndi visuaalse identiteedi loomiseks l\u00e4ks oluliselt stressivabamalt ja kiiremini kui olin oodanud.\u00a0<\/span><\/div><\/div>\n                <div class=\"slide-read-more\">Loe rohkem...<\/div>\n              <\/div>\n            <\/li>\n                  <\/ul>\n        <div class=\"swiper-logo-buttons-block\">\n          <div class=\"swiper-button-prev swiper-logo-button-prev\"><\/div>\n          <div class=\"swiper-pagination swiper-logo-pagination\"><\/div>\n          <div class=\"swiper-button-next swiper-logo-button-next\"><\/div>\n        <\/div>\n      <\/section>\n      <div class=\"slider-modal mySwiperLogo-modal\" id=\"slider-modal\">\n        <div class=\"slider-modal-bg slider-modal-exit\"><\/div>\n        <div class=\"slider-modal-container slider-container-background slider-logo-container-background\">\n          <div class=\"slider-modal-container-info\"><\/div>\n          <button class=\"slider-modal-close slider-modal-exit icon-close\"><\/button>\n        <\/div>\n      <\/div>\n      \t\t\t\t<\/div>\n\t\t\t\t<\/div>\n\t\t\t\t\t<\/div>\n\t\t<\/div>\n\t\t\t\t\t<\/div>\n\t\t<\/section>\n\t\t\t\t<\/div>\n\t\t","protected":false},"excerpt":{"rendered":"<p>Tagasiside Minu jaoks on k\u00f5ige olulisem kliendiga projekti puhul just koost\u00f6\u00f6. Klient annab sisendi, millest l\u00e4htuvalt esitan omapoolse n\u00e4gemuse ja visiooni disaini osas. Projekti k\u00e4igus p\u00f5rgatame ideid edasi-tagasi ning selle tulemusena valmib kujundus, mis t\u00e4idab nii kliendi soove kui ka ettev\u00f5tte eesm\u00e4rke. Olen siia lehele kokku kogunud tagasiside, mille kliendid mulle kirjutanud on. Head lugemist! [&hellip;]<\/p>\n","protected":false},"author":1,"featured_media":0,"parent":0,"menu_order":0,"comment_status":"closed","ping_status":"closed","template":"","meta":{"site-sidebar-layout":"no-sidebar","site-content-layout":"page-builder","ast-site-content-layout":"full-width-container","site-content-style":"unboxed","site-sidebar-style":"unboxed","ast-global-header-display":"","ast-banner-title-visibility":"","ast-main-header-display":"","ast-hfb-above-header-display":"","ast-hfb-below-header-display":"","ast-hfb-mobile-header-display":"","site-post-title":"disabled","ast-breadcrumbs-content":"","ast-featured-img":"disabled","footer-sml-layout":"","ast-disable-related-posts":"","theme-transparent-header-meta":"enabled","adv-header-id-meta":"","stick-header-meta":"","header-above-stick-meta":"","header-main-stick-meta":"","header-below-stick-meta":"","astra-migrate-meta-layouts":"set","ast-page-background-enabled":"default","ast-page-background-meta":{"desktop":{"background-color":"","background-image":"","background-repeat":"repeat","background-position":"center center","background-size":"auto","background-attachment":"scroll","background-type":"","background-media":"","overlay-type":"","overlay-color":"","overlay-opacity":"","overlay-gradient":""},"tablet":{"background-color":"","background-image":"","background-repeat":"repeat","background-position":"center center","background-size":"auto","background-attachment":"scroll","background-type":"","background-media":"","overlay-type":"","overlay-color":"","overlay-opacity":"","overlay-gradient":""},"mobile":{"background-color":"","background-image":"","background-repeat":"repeat","background-position":"center center","background-size":"auto","background-attachment":"scroll","background-type":"","background-media":"","overlay-type":"","overlay-color":"","overlay-opacity":"","overlay-gradient":""}},"ast-content-background-meta":{"desktop":{"background-color":"var(--ast-global-color-5)","background-image":"","background-repeat":"repeat","background-position":"center center","background-size":"auto","background-attachment":"scroll","background-type":"","background-media":"","overlay-type":"","overlay-color":"","overlay-opacity":"","overlay-gradient":""},"tablet":{"background-color":"var(--ast-global-color-5)","background-image":"","background-repeat":"repeat","background-position":"center center","background-size":"auto","background-attachment":"scroll","background-type":"","background-media":"","overlay-type":"","overlay-color":"","overlay-opacity":"","overlay-gradient":""},"mobile":{"background-color":"var(--ast-global-color-5)","background-image":"","background-repeat":"repeat","background-position":"center center","background-size":"auto","background-attachment":"scroll","background-type":"","background-media":"","overlay-type":"","overlay-color":"","overlay-opacity":"","overlay-gradient":""}},"footnotes":""},"class_list":["post-773","page","type-page","status-publish","hentry"],"_links":{"self":[{"href":"https:\/\/www.loomecreative.ee\/en\/wp-json\/wp\/v2\/pages\/773","targetHints":{"allow":["GET"]}}],"collection":[{"href":"https:\/\/www.loomecreative.ee\/en\/wp-json\/wp\/v2\/pages"}],"about":[{"href":"https:\/\/www.loomecreative.ee\/en\/wp-json\/wp\/v2\/types\/page"}],"author":[{"embeddable":true,"href":"https:\/\/www.loomecreative.ee\/en\/wp-json\/wp\/v2\/users\/1"}],"replies":[{"embeddable":true,"href":"https:\/\/www.loomecreative.ee\/en\/wp-json\/wp\/v2\/comments?post=773"}],"version-history":[{"count":5,"href":"https:\/\/www.loomecreative.ee\/en\/wp-json\/wp\/v2\/pages\/773\/revisions"}],"predecessor-version":[{"id":3625,"href":"https:\/\/www.loomecreative.ee\/en\/wp-json\/wp\/v2\/pages\/773\/revisions\/3625"}],"wp:attachment":[{"href":"https:\/\/www.loomecreative.ee\/en\/wp-json\/wp\/v2\/media?parent=773"}],"curies":[{"name":"wp","href":"https:\/\/api.w.org\/{rel}","templated":true}]}}